{"id":3657,"date":"2019-08-01T02:15:49","date_gmt":"2019-08-01T02:15:49","guid":{"rendered":"https:\/\/printperu.pe\/productos\/?post_type=product&#038;p=3657"},"modified":"2020-01-17T22:21:23","modified_gmt":"2020-01-17T22:21:23","slug":"bolsas-de-tocuyo","status":"publish","type":"product","link":"https:\/\/printperu.pe\/productos\/producto\/bolsas-de-tocuyo\/","title":{"rendered":"BOLSAS DE TOCUYO"},"content":{"rendered":"<h2>BOLSAS DE TOCUYO<\/h2>\n<p><b>Caracter\u00edsticas de las Bolsas de tocuyo:<\/b><\/p>\n<ul>\n<li><span class=\"attr-name J-attr-name\" title=\"Material\" data-spm-anchor-id=\"a2700.md_es_ES.prilinga1e.i0.19fa4ab0d8jXMM\">Material: Algod\u00f3n<\/span><\/li>\n<li>Gramaje: 200 g<\/li>\n<li>Tipo: <a href=\"https:\/\/printperu.pe\/productos\/bolsas\/\">Bolsas ecologicas<\/a><\/li>\n<li>Impresi\u00f3n: 1 color<\/li>\n<li><span class=\"attr-name J-attr-name\" title=\"Logo\" data-spm-anchor-id=\"a2700.md_es_ES.prilinga1e.i7.1f294f82ooyxrH\">Logotipo: Personalizado<\/span><\/li>\n<li>Tipo de impresi\u00f3n: Serigraf\u00eda<\/li>\n<li>Tiempo de entrega de producci\u00f3n: 5 d\u00edas aprox.<\/li>\n<\/ul>\n<h3><strong><span data-spm-anchor-id=\"a2700.md_es_ES.pronpeci14.i11.19fa4ab0d8jXMM\">Pago:<\/span><\/strong><\/h3>\n<ul>\n<li>M\u00e9todo de pago:\u00a0 \u00a0 <img decoding=\"async\" class=\"wp-image-3292 alignnone\" src=\"https:\/\/printperu.pe\/productos\/wp-content\/uploads\/2019\/07\/tarjetas.png\" alt=\"\" width=\"165\" height=\"20\" \/><\/li>\n<\/ul>\n<h3><strong><span data-spm-anchor-id=\"a2700.md_es_ES.pronpeci14.i12.19fa4ab0d8jXMM\">Muestra:<\/span><\/strong><\/h3>\n<ul>\n<li><span data-spm-anchor-id=\"a2700.md_es_ES.pronpeci14.i9.19fa4ab0d8jXMM\">Carga de la muestra: Si desea una muestra real tiene un costo adicional de acuerdo a la medida solicitada.<\/span><\/li>\n<\/ul>\n","protected":false},"excerpt":{"rendered":"<p>Las Bolsas de Tocuyo est\u00e1n basadas en la necesidad de reducir, reciclar y reutilizar, as\u00ed de esta manera la marca y los clientes contribuir\u00e1n al cuidado ambiental.<\/p>\n<p>Ademas de funcionar como obsequio sus clientes valoraran a su empresa y obtendr\u00e1 una mejor imagen.<\/p>\n","protected":false},"featured_media":5008,"template":"","meta":{"_joinchat":[]},"product_cat":[112],"product_tag":[222,223],"yoast_head":"<!-- This site is optimized with the Yoast SEO plugin v22.6 - https:\/\/yoast.com\/wordpress\/plugins\/seo\/ -->\n<title>BOLSAS DE TOCUYO - Printperu | Solicitalas o Cotiza Online<\/title>\n<meta name=\"description\" content=\"Las bolsas de tocuyo son excelentes para comercializar tu negocio y obtener una mejor imagen, adem\u00e1s de contribuir con el cuidado ambiental.\" \/>\n<meta name=\"robots\" content=\"index, follow, max-snippet:-1, max-image-preview:large, max-video-preview:-1\" \/>\n<link rel=\"canonical\" href=\"https:\/\/printperu.pe\/productos\/producto\/bolsas-de-tocuyo\/\" \/>\n<meta property=\"og:locale\" content=\"es_ES\" \/>\n<meta property=\"og:type\" content=\"article\" \/>\n<meta property=\"og:title\" content=\"BOLSAS DE TOCUYO - Printperu | Solicitalas o Cotiza Online\" \/>\n<meta property=\"og:description\" content=\"Las bolsas de tocuyo son excelentes para comercializar tu negocio y obtener una mejor imagen, adem\u00e1s de contribuir con el cuidado ambiental.\" \/>\n<meta property=\"og:url\" content=\"https:\/\/printperu.pe\/productos\/producto\/bolsas-de-tocuyo\/\" \/>\n<meta property=\"og:site_name\" content=\"Printperu\" \/>\n<meta property=\"article:modified_time\" content=\"2020-01-17T22:21:23+00:00\" \/>\n<meta property=\"og:image\" content=\"https:\/\/printperu.pe\/productos\/wp-content\/uploads\/2020\/01\/51_Mesa-de-trabajo-1.png\" \/>\n\t<meta property=\"og:image:width\" content=\"1092\" \/>\n\t<meta property=\"og:image:height\" content=\"1101\" \/>\n\t<meta property=\"og:image:type\" content=\"image\/png\" \/>\n<meta name=\"twitter:card\" content=\"summary_large_image\" \/>\n<script type=\"application\/ld+json\" class=\"yoast-schema-graph\">{\"@context\":\"https:\/\/schema.org\",\"@graph\":[{\"@type\":\"WebPage\",\"@id\":\"https:\/\/printperu.pe\/productos\/producto\/bolsas-de-tocuyo\/\",\"url\":\"https:\/\/printperu.pe\/productos\/producto\/bolsas-de-tocuyo\/\",\"name\":\"BOLSAS DE TOCUYO - Printperu | Solicitalas o Cotiza Online\",\"isPartOf\":{\"@id\":\"https:\/\/printperu.pe\/productos\/#website\"},\"primaryImageOfPage\":{\"@id\":\"https:\/\/printperu.pe\/productos\/producto\/bolsas-de-tocuyo\/#primaryimage\"},\"image\":{\"@id\":\"https:\/\/printperu.pe\/productos\/producto\/bolsas-de-tocuyo\/#primaryimage\"},\"thumbnailUrl\":\"https:\/\/printperu.pe\/productos\/wp-content\/uploads\/2020\/01\/51_Mesa-de-trabajo-1.png\",\"datePublished\":\"2019-08-01T02:15:49+00:00\",\"dateModified\":\"2020-01-17T22:21:23+00:00\",\"description\":\"Las bolsas de tocuyo son excelentes para comercializar tu negocio y obtener una mejor imagen, adem\u00e1s de contribuir con el cuidado ambiental.\",\"breadcrumb\":{\"@id\":\"https:\/\/printperu.pe\/productos\/producto\/bolsas-de-tocuyo\/#breadcrumb\"},\"inLanguage\":\"es\",\"potentialAction\":[{\"@type\":\"ReadAction\",\"target\":[\"https:\/\/printperu.pe\/productos\/producto\/bolsas-de-tocuyo\/\"]}]},{\"@type\":\"ImageObject\",\"inLanguage\":\"es\",\"@id\":\"https:\/\/printperu.pe\/productos\/producto\/bolsas-de-tocuyo\/#primaryimage\",\"url\":\"https:\/\/printperu.pe\/productos\/wp-content\/uploads\/2020\/01\/51_Mesa-de-trabajo-1.png\",\"contentUrl\":\"https:\/\/printperu.pe\/productos\/wp-content\/uploads\/2020\/01\/51_Mesa-de-trabajo-1.png\",\"width\":1092,\"height\":1101},{\"@type\":\"BreadcrumbList\",\"@id\":\"https:\/\/printperu.pe\/productos\/producto\/bolsas-de-tocuyo\/#breadcrumb\",\"itemListElement\":[{\"@type\":\"ListItem\",\"position\":1,\"name\":\"Home\",\"item\":\"https:\/\/printperu.pe\/productos\/\"},{\"@type\":\"ListItem\",\"position\":2,\"name\":\"Tienda\",\"item\":\"https:\/\/printperu.pe\/productos\/tienda\/\"},{\"@type\":\"ListItem\",\"position\":3,\"name\":\"BOLSAS DE TOCUYO\"}]},{\"@type\":\"WebSite\",\"@id\":\"https:\/\/printperu.pe\/productos\/#website\",\"url\":\"https:\/\/printperu.pe\/productos\/\",\"name\":\"Printperu\",\"description\":\"Presentes en todo el Per\u00fa.\",\"publisher\":{\"@id\":\"https:\/\/printperu.pe\/productos\/#organization\"},\"potentialAction\":[{\"@type\":\"SearchAction\",\"target\":{\"@type\":\"EntryPoint\",\"urlTemplate\":\"https:\/\/printperu.pe\/productos\/?s={search_term_string}\"},\"query-input\":\"required name=search_term_string\"}],\"inLanguage\":\"es\"},{\"@type\":\"Organization\",\"@id\":\"https:\/\/printperu.pe\/productos\/#organization\",\"name\":\"PRINT PER\u00da\",\"url\":\"https:\/\/printperu.pe\/productos\/\",\"logo\":{\"@type\":\"ImageObject\",\"inLanguage\":\"es\",\"@id\":\"https:\/\/printperu.pe\/productos\/#\/schema\/logo\/image\/\",\"url\":\"https:\/\/printperu.pe\/productos\/wp-content\/uploads\/2018\/09\/logo-printperu.png\",\"contentUrl\":\"https:\/\/printperu.pe\/productos\/wp-content\/uploads\/2018\/09\/logo-printperu.png\",\"width\":842,\"height\":595,\"caption\":\"PRINT PER\u00da\"},\"image\":{\"@id\":\"https:\/\/printperu.pe\/productos\/#\/schema\/logo\/image\/\"}}]}<\/script>\n<!-- \/ Yoast SEO plugin. -->","yoast_head_json":{"title":"BOLSAS DE TOCUYO - Printperu | Solicitalas o Cotiza Online","description":"Las bolsas de tocuyo son excelentes para comercializar tu negocio y obtener una mejor imagen, adem\u00e1s de contribuir con el cuidado ambiental.","robots":{"index":"index","follow":"follow","max-snippet":"max-snippet:-1","max-image-preview":"max-image-preview:large","max-video-preview":"max-video-preview:-1"},"canonical":"https:\/\/printperu.pe\/productos\/producto\/bolsas-de-tocuyo\/","og_locale":"es_ES","og_type":"article","og_title":"BOLSAS DE TOCUYO - Printperu | Solicitalas o Cotiza Online","og_description":"Las bolsas de tocuyo son excelentes para comercializar tu negocio y obtener una mejor imagen, adem\u00e1s de contribuir con el cuidado ambiental.","og_url":"https:\/\/printperu.pe\/productos\/producto\/bolsas-de-tocuyo\/","og_site_name":"Printperu","article_modified_time":"2020-01-17T22:21:23+00:00","og_image":[{"width":1092,"height":1101,"url":"https:\/\/printperu.pe\/productos\/wp-content\/uploads\/2020\/01\/51_Mesa-de-trabajo-1.png","type":"image\/png"}],"twitter_card":"summary_large_image","schema":{"@context":"https:\/\/schema.org","@graph":[{"@type":"WebPage","@id":"https:\/\/printperu.pe\/productos\/producto\/bolsas-de-tocuyo\/","url":"https:\/\/printperu.pe\/productos\/producto\/bolsas-de-tocuyo\/","name":"BOLSAS DE TOCUYO - Printperu | Solicitalas o Cotiza Online","isPartOf":{"@id":"https:\/\/printperu.pe\/productos\/#website"},"primaryImageOfPage":{"@id":"https:\/\/printperu.pe\/productos\/producto\/bolsas-de-tocuyo\/#primaryimage"},"image":{"@id":"https:\/\/printperu.pe\/productos\/producto\/bolsas-de-tocuyo\/#primaryimage"},"thumbnailUrl":"https:\/\/printperu.pe\/productos\/wp-content\/uploads\/2020\/01\/51_Mesa-de-trabajo-1.png","datePublished":"2019-08-01T02:15:49+00:00","dateModified":"2020-01-17T22:21:23+00:00","description":"Las bolsas de tocuyo son excelentes para comercializar tu negocio y obtener una mejor imagen, adem\u00e1s de contribuir con el cuidado ambiental.","breadcrumb":{"@id":"https:\/\/printperu.pe\/productos\/producto\/bolsas-de-tocuyo\/#breadcrumb"},"inLanguage":"es","potentialAction":[{"@type":"ReadAction","target":["https:\/\/printperu.pe\/productos\/producto\/bolsas-de-tocuyo\/"]}]},{"@type":"ImageObject","inLanguage":"es","@id":"https:\/\/printperu.pe\/productos\/producto\/bolsas-de-tocuyo\/#primaryimage","url":"https:\/\/printperu.pe\/productos\/wp-content\/uploads\/2020\/01\/51_Mesa-de-trabajo-1.png","contentUrl":"https:\/\/printperu.pe\/productos\/wp-content\/uploads\/2020\/01\/51_Mesa-de-trabajo-1.png","width":1092,"height":1101},{"@type":"BreadcrumbList","@id":"https:\/\/printperu.pe\/productos\/producto\/bolsas-de-tocuyo\/#breadcrumb","itemListElement":[{"@type":"ListItem","position":1,"name":"Home","item":"https:\/\/printperu.pe\/productos\/"},{"@type":"ListItem","position":2,"name":"Tienda","item":"https:\/\/printperu.pe\/productos\/tienda\/"},{"@type":"ListItem","position":3,"name":"BOLSAS DE TOCUYO"}]},{"@type":"WebSite","@id":"https:\/\/printperu.pe\/productos\/#website","url":"https:\/\/printperu.pe\/productos\/","name":"Printperu","description":"Presentes en todo el Per\u00fa.","publisher":{"@id":"https:\/\/printperu.pe\/productos\/#organization"},"potentialAction":[{"@type":"SearchAction","target":{"@type":"EntryPoint","urlTemplate":"https:\/\/printperu.pe\/productos\/?s={search_term_string}"},"query-input":"required name=search_term_string"}],"inLanguage":"es"},{"@type":"Organization","@id":"https:\/\/printperu.pe\/productos\/#organization","name":"PRINT PER\u00da","url":"https:\/\/printperu.pe\/productos\/","logo":{"@type":"ImageObject","inLanguage":"es","@id":"https:\/\/printperu.pe\/productos\/#\/schema\/logo\/image\/","url":"https:\/\/printperu.pe\/productos\/wp-content\/uploads\/2018\/09\/logo-printperu.png","contentUrl":"https:\/\/printperu.pe\/productos\/wp-content\/uploads\/2018\/09\/logo-printperu.png","width":842,"height":595,"caption":"PRINT PER\u00da"},"image":{"@id":"https:\/\/printperu.pe\/productos\/#\/schema\/logo\/image\/"}}]}},"_links":{"self":[{"href":"https:\/\/printperu.pe\/productos\/wp-json\/wp\/v2\/product\/3657"}],"collection":[{"href":"https:\/\/printperu.pe\/productos\/wp-json\/wp\/v2\/product"}],"about":[{"href":"https:\/\/printperu.pe\/productos\/wp-json\/wp\/v2\/types\/product"}],"version-history":[{"count":5,"href":"https:\/\/printperu.pe\/productos\/wp-json\/wp\/v2\/product\/3657\/revisions"}],"predecessor-version":[{"id":4138,"href":"https:\/\/printperu.pe\/productos\/wp-json\/wp\/v2\/product\/3657\/revisions\/4138"}],"wp:featuredmedia":[{"embeddable":true,"href":"https:\/\/printperu.pe\/productos\/wp-json\/wp\/v2\/media\/5008"}],"wp:attachment":[{"href":"https:\/\/printperu.pe\/productos\/wp-json\/wp\/v2\/media?parent=3657"}],"wp:term":[{"taxonomy":"product_cat","embeddable":true,"href":"https:\/\/printperu.pe\/productos\/wp-json\/wp\/v2\/product_cat?post=3657"},{"taxonomy":"product_tag","embeddable":true,"href":"https:\/\/printperu.pe\/productos\/wp-json\/wp\/v2\/product_tag?post=3657"}],"curies":[{"name":"wp","href":"https:\/\/api.w.org\/{rel}","templated":true}]}}