{"id":1038,"date":"2018-07-27T16:36:59","date_gmt":"2018-07-27T16:36:59","guid":{"rendered":"http:\/\/printperu.pe\/productos\/?post_type=product&#038;p=1038"},"modified":"2018-08-07T15:12:24","modified_gmt":"2018-08-07T15:12:24","slug":"carpetas-corporativas","status":"publish","type":"product","link":"https:\/\/printperu.pe\/productos\/producto\/carpetas-corporativas\/","title":{"rendered":"Carpetas corporativas"},"content":{"rendered":"<p>La carpeta corporativa es parte esencial de la imagen corporativa de una empresa o proyecto. Es ideal para:<\/p>\n<p>-presentaciones de nuevos proyectos.<br \/>\n-para presentar informaci\u00f3n de actualizaci\u00f3n sus clientes.<br \/>\n-Para presentar su portafolio a nuevos clientes, entre otros.<\/p>\n<p>La carpeta va en conjunto con el resto de la papeler\u00eda. Es la primera imagen de su empresa y dentro de esta va las hojas con la informaci\u00f3n, folletos, CD\u00b4s, etc. Con la intenci\u00f3n de que ordenadamente el cliente tenga acceso r\u00e1pido a toda la informaci\u00f3n de la empresa y\/o proyectos.<\/p>\n<p>Debe llevar informaci\u00f3n como: el logo, nombre de la empresa, slogan (si tiene) direcci\u00f3n y datos contacto.<\/p>\n","protected":false},"excerpt":{"rendered":"<p>CARPETAS<\/p>\n","protected":false},"featured_media":1063,"template":"","meta":{"_joinchat":[]},"product_cat":[84],"product_tag":[],"yoast_head":"<!-- This site is optimized with the Yoast SEO plugin v22.6 - https:\/\/yoast.com\/wordpress\/plugins\/seo\/ -->\n<title>Carpetas corporativas - Printperu<\/title>\n<meta name=\"robots\" content=\"index, follow, max-snippet:-1, max-image-preview:large, max-video-preview:-1\" \/>\n<link rel=\"canonical\" href=\"https:\/\/printperu.pe\/productos\/producto\/carpetas-corporativas\/\" \/>\n<meta property=\"og:locale\" content=\"es_ES\" \/>\n<meta property=\"og:type\" content=\"article\" \/>\n<meta property=\"og:title\" content=\"Carpetas corporativas - Printperu\" \/>\n<meta property=\"og:description\" content=\"CARPETAS\" \/>\n<meta property=\"og:url\" content=\"https:\/\/printperu.pe\/productos\/producto\/carpetas-corporativas\/\" \/>\n<meta property=\"og:site_name\" content=\"Printperu\" \/>\n<meta property=\"article:modified_time\" content=\"2018-08-07T15:12:24+00:00\" \/>\n<meta property=\"og:image\" content=\"https:\/\/printperu.pe\/productos\/wp-content\/uploads\/2018\/07\/CARPETA-SEMI.jpg\" \/>\n\t<meta property=\"og:image:width\" content=\"548\" \/>\n\t<meta property=\"og:image:height\" content=\"707\" \/>\n\t<meta property=\"og:image:type\" content=\"image\/jpeg\" \/>\n<meta name=\"twitter:card\" content=\"summary_large_image\" \/>\n<meta name=\"twitter:label1\" content=\"Tiempo de lectura\" \/>\n\t<meta name=\"twitter:data1\" content=\"1 minuto\" \/>\n<script type=\"application\/ld+json\" class=\"yoast-schema-graph\">{\"@context\":\"https:\/\/schema.org\",\"@graph\":[{\"@type\":\"WebPage\",\"@id\":\"https:\/\/printperu.pe\/productos\/producto\/carpetas-corporativas\/\",\"url\":\"https:\/\/printperu.pe\/productos\/producto\/carpetas-corporativas\/\",\"name\":\"Carpetas corporativas - Printperu\",\"isPartOf\":{\"@id\":\"https:\/\/printperu.pe\/productos\/#website\"},\"primaryImageOfPage\":{\"@id\":\"https:\/\/printperu.pe\/productos\/producto\/carpetas-corporativas\/#primaryimage\"},\"image\":{\"@id\":\"https:\/\/printperu.pe\/productos\/producto\/carpetas-corporativas\/#primaryimage\"},\"thumbnailUrl\":\"https:\/\/printperu.pe\/productos\/wp-content\/uploads\/2018\/07\/CARPETA-SEMI.jpg\",\"datePublished\":\"2018-07-27T16:36:59+00:00\",\"dateModified\":\"2018-08-07T15:12:24+00:00\",\"breadcrumb\":{\"@id\":\"https:\/\/printperu.pe\/productos\/producto\/carpetas-corporativas\/#breadcrumb\"},\"inLanguage\":\"es\",\"potentialAction\":[{\"@type\":\"ReadAction\",\"target\":[\"https:\/\/printperu.pe\/productos\/producto\/carpetas-corporativas\/\"]}]},{\"@type\":\"ImageObject\",\"inLanguage\":\"es\",\"@id\":\"https:\/\/printperu.pe\/productos\/producto\/carpetas-corporativas\/#primaryimage\",\"url\":\"https:\/\/printperu.pe\/productos\/wp-content\/uploads\/2018\/07\/CARPETA-SEMI.jpg\",\"contentUrl\":\"https:\/\/printperu.pe\/productos\/wp-content\/uploads\/2018\/07\/CARPETA-SEMI.jpg\",\"width\":548,\"height\":707},{\"@type\":\"BreadcrumbList\",\"@id\":\"https:\/\/printperu.pe\/productos\/producto\/carpetas-corporativas\/#breadcrumb\",\"itemListElement\":[{\"@type\":\"ListItem\",\"position\":1,\"name\":\"Home\",\"item\":\"https:\/\/printperu.pe\/productos\/\"},{\"@type\":\"ListItem\",\"position\":2,\"name\":\"Tienda\",\"item\":\"https:\/\/printperu.pe\/productos\/tienda\/\"},{\"@type\":\"ListItem\",\"position\":3,\"name\":\"Carpetas corporativas\"}]},{\"@type\":\"WebSite\",\"@id\":\"https:\/\/printperu.pe\/productos\/#website\",\"url\":\"https:\/\/printperu.pe\/productos\/\",\"name\":\"Printperu\",\"description\":\"Presentes en todo el Per\u00fa.\",\"publisher\":{\"@id\":\"https:\/\/printperu.pe\/productos\/#organization\"},\"potentialAction\":[{\"@type\":\"SearchAction\",\"target\":{\"@type\":\"EntryPoint\",\"urlTemplate\":\"https:\/\/printperu.pe\/productos\/?s={search_term_string}\"},\"query-input\":\"required name=search_term_string\"}],\"inLanguage\":\"es\"},{\"@type\":\"Organization\",\"@id\":\"https:\/\/printperu.pe\/productos\/#organization\",\"name\":\"PRINT PER\u00da\",\"url\":\"https:\/\/printperu.pe\/productos\/\",\"logo\":{\"@type\":\"ImageObject\",\"inLanguage\":\"es\",\"@id\":\"https:\/\/printperu.pe\/productos\/#\/schema\/logo\/image\/\",\"url\":\"https:\/\/printperu.pe\/productos\/wp-content\/uploads\/2018\/09\/logo-printperu.png\",\"contentUrl\":\"https:\/\/printperu.pe\/productos\/wp-content\/uploads\/2018\/09\/logo-printperu.png\",\"width\":842,\"height\":595,\"caption\":\"PRINT PER\u00da\"},\"image\":{\"@id\":\"https:\/\/printperu.pe\/productos\/#\/schema\/logo\/image\/\"}}]}<\/script>\n<!-- \/ Yoast SEO plugin. -->","yoast_head_json":{"title":"Carpetas corporativas - Printperu","robots":{"index":"index","follow":"follow","max-snippet":"max-snippet:-1","max-image-preview":"max-image-preview:large","max-video-preview":"max-video-preview:-1"},"canonical":"https:\/\/printperu.pe\/productos\/producto\/carpetas-corporativas\/","og_locale":"es_ES","og_type":"article","og_title":"Carpetas corporativas - Printperu","og_description":"CARPETAS","og_url":"https:\/\/printperu.pe\/productos\/producto\/carpetas-corporativas\/","og_site_name":"Printperu","article_modified_time":"2018-08-07T15:12:24+00:00","og_image":[{"width":548,"height":707,"url":"https:\/\/printperu.pe\/productos\/wp-content\/uploads\/2018\/07\/CARPETA-SEMI.jpg","type":"image\/jpeg"}],"twitter_card":"summary_large_image","twitter_misc":{"Tiempo de lectura":"1 minuto"},"schema":{"@context":"https:\/\/schema.org","@graph":[{"@type":"WebPage","@id":"https:\/\/printperu.pe\/productos\/producto\/carpetas-corporativas\/","url":"https:\/\/printperu.pe\/productos\/producto\/carpetas-corporativas\/","name":"Carpetas corporativas - Printperu","isPartOf":{"@id":"https:\/\/printperu.pe\/productos\/#website"},"primaryImageOfPage":{"@id":"https:\/\/printperu.pe\/productos\/producto\/carpetas-corporativas\/#primaryimage"},"image":{"@id":"https:\/\/printperu.pe\/productos\/producto\/carpetas-corporativas\/#primaryimage"},"thumbnailUrl":"https:\/\/printperu.pe\/productos\/wp-content\/uploads\/2018\/07\/CARPETA-SEMI.jpg","datePublished":"2018-07-27T16:36:59+00:00","dateModified":"2018-08-07T15:12:24+00:00","breadcrumb":{"@id":"https:\/\/printperu.pe\/productos\/producto\/carpetas-corporativas\/#breadcrumb"},"inLanguage":"es","potentialAction":[{"@type":"ReadAction","target":["https:\/\/printperu.pe\/productos\/producto\/carpetas-corporativas\/"]}]},{"@type":"ImageObject","inLanguage":"es","@id":"https:\/\/printperu.pe\/productos\/producto\/carpetas-corporativas\/#primaryimage","url":"https:\/\/printperu.pe\/productos\/wp-content\/uploads\/2018\/07\/CARPETA-SEMI.jpg","contentUrl":"https:\/\/printperu.pe\/productos\/wp-content\/uploads\/2018\/07\/CARPETA-SEMI.jpg","width":548,"height":707},{"@type":"BreadcrumbList","@id":"https:\/\/printperu.pe\/productos\/producto\/carpetas-corporativas\/#breadcrumb","itemListElement":[{"@type":"ListItem","position":1,"name":"Home","item":"https:\/\/printperu.pe\/productos\/"},{"@type":"ListItem","position":2,"name":"Tienda","item":"https:\/\/printperu.pe\/productos\/tienda\/"},{"@type":"ListItem","position":3,"name":"Carpetas corporativas"}]},{"@type":"WebSite","@id":"https:\/\/printperu.pe\/productos\/#website","url":"https:\/\/printperu.pe\/productos\/","name":"Printperu","description":"Presentes en todo el Per\u00fa.","publisher":{"@id":"https:\/\/printperu.pe\/productos\/#organization"},"potentialAction":[{"@type":"SearchAction","target":{"@type":"EntryPoint","urlTemplate":"https:\/\/printperu.pe\/productos\/?s={search_term_string}"},"query-input":"required name=search_term_string"}],"inLanguage":"es"},{"@type":"Organization","@id":"https:\/\/printperu.pe\/productos\/#organization","name":"PRINT PER\u00da","url":"https:\/\/printperu.pe\/productos\/","logo":{"@type":"ImageObject","inLanguage":"es","@id":"https:\/\/printperu.pe\/productos\/#\/schema\/logo\/image\/","url":"https:\/\/printperu.pe\/productos\/wp-content\/uploads\/2018\/09\/logo-printperu.png","contentUrl":"https:\/\/printperu.pe\/productos\/wp-content\/uploads\/2018\/09\/logo-printperu.png","width":842,"height":595,"caption":"PRINT PER\u00da"},"image":{"@id":"https:\/\/printperu.pe\/productos\/#\/schema\/logo\/image\/"}}]}},"_links":{"self":[{"href":"https:\/\/printperu.pe\/productos\/wp-json\/wp\/v2\/product\/1038"}],"collection":[{"href":"https:\/\/printperu.pe\/productos\/wp-json\/wp\/v2\/product"}],"about":[{"href":"https:\/\/printperu.pe\/productos\/wp-json\/wp\/v2\/types\/product"}],"version-history":[{"count":1,"href":"https:\/\/printperu.pe\/productos\/wp-json\/wp\/v2\/product\/1038\/revisions"}],"predecessor-version":[{"id":1050,"href":"https:\/\/printperu.pe\/productos\/wp-json\/wp\/v2\/product\/1038\/revisions\/1050"}],"wp:featuredmedia":[{"embeddable":true,"href":"https:\/\/printperu.pe\/productos\/wp-json\/wp\/v2\/media\/1063"}],"wp:attachment":[{"href":"https:\/\/printperu.pe\/productos\/wp-json\/wp\/v2\/media?parent=1038"}],"wp:term":[{"taxonomy":"product_cat","embeddable":true,"href":"https:\/\/printperu.pe\/productos\/wp-json\/wp\/v2\/product_cat?post=1038"},{"taxonomy":"product_tag","embeddable":true,"href":"https:\/\/printperu.pe\/productos\/wp-json\/wp\/v2\/product_tag?post=1038"}],"curies":[{"name":"wp","href":"https:\/\/api.w.org\/{rel}","templated":true}]}}